{"id":12756,"date":"2013-01-14T17:38:14","date_gmt":"2013-01-14T17:38:14","guid":{"rendered":"http:\/\/www.mariajosenicolas.es\/?page_id=2"},"modified":"2025-02-01T10:19:31","modified_gmt":"2025-02-01T09:19:31","slug":"sobre-mi","status":"publish","type":"page","link":"https:\/\/mariajosenicolas.es\/?page_id=12756","title":{"rendered":"Sobre M\u00ed"},"content":{"rendered":"<p>\u00a1Bienvenido a mi web!<\/p>\n<p>Mi experiencia se centra en el apoyo a empresas y organizaciones para el desarrollo del plan de negocio y estrategia desde diversas \u00e1reas como recursos humanos, comunicaci\u00f3n, formaci\u00f3n y relaciones institucionales.<\/p>\n<p>Mi experiencia en cargos institucionales a nivel regional y nacional as\u00ed como haber trabajado en departamentos de comunicaci\u00f3n y protocolo, sumado a mi faceta de docente en universidades de prestigio, me hacen conocer de primera mano las necesidades que se plantean a la hora de posicionar una marca, mejorar su visibilidad y reputaci\u00f3n as\u00ed como aumentar sus cifras de negocio.<\/p>\n<p>Trabajo con un equipo multidisciplinar para ofrecer los mejores servicios en materia de comunicaci\u00f3n, organizaci\u00f3n de eventos y relaciones institucionales para conseguir los objetivos y alcanzar el \u00e9xito.<\/p>\n<p>Contacto:<\/p>\n<p>aprezziaconsultoria@gmail.com<\/p>\n<p>&nbsp;<\/p>\n<p>&nbsp;<\/p>\n","protected":false},"excerpt":{"rendered":"<p>\u00a1Bienvenido a mi web! Mi experiencia se centra en el apoyo a empresas y organizaciones para el desarrollo del plan de negocio y estrategia desde diversas \u00e1reas como recursos humanos, comunicaci\u00f3n, formaci\u00f3n y relaciones institucionales. Mi experiencia en cargos institucionales a nivel regional y nacional as\u00ed como haber trabajado en departamentos de comunicaci\u00f3n y protocolo, [&hellip;]<\/p>\n","protected":false},"author":1,"featured_media":12083,"parent":0,"menu_order":0,"comment_status":"open","ping_status":"closed","template":"","meta":{"footnotes":""},"class_list":["post-12756","page","type-page","status-publish","has-post-thumbnail","hentry"],"aioseo_notices":[],"_links":{"self":[{"href":"https:\/\/mariajosenicolas.es\/index.php?rest_route=\/wp\/v2\/pages\/12756","targetHints":{"allow":["GET"]}}],"collection":[{"href":"https:\/\/mariajosenicolas.es\/index.php?rest_route=\/wp\/v2\/pages"}],"about":[{"href":"https:\/\/mariajosenicolas.es\/index.php?rest_route=\/wp\/v2\/types\/page"}],"author":[{"embeddable":true,"href":"https:\/\/mariajosenicolas.es\/index.php?rest_route=\/wp\/v2\/users\/1"}],"replies":[{"embeddable":true,"href":"https:\/\/mariajosenicolas.es\/index.php?rest_route=%2Fwp%2Fv2%2Fcomments&post=12756"}],"version-history":[{"count":2,"href":"https:\/\/mariajosenicolas.es\/index.php?rest_route=\/wp\/v2\/pages\/12756\/revisions"}],"predecessor-version":[{"id":13276,"href":"https:\/\/mariajosenicolas.es\/index.php?rest_route=\/wp\/v2\/pages\/12756\/revisions\/13276"}],"wp:featuredmedia":[{"embeddable":true,"href":"https:\/\/mariajosenicolas.es\/index.php?rest_route=\/wp\/v2\/media\/12083"}],"wp:attachment":[{"href":"https:\/\/mariajosenicolas.es\/index.php?rest_route=%2Fwp%2Fv2%2Fmedia&parent=12756"}],"curies":[{"name":"wp","href":"https:\/\/api.w.org\/{rel}","templated":true}]}}