{"id":12737,"date":"2016-08-19T16:48:59","date_gmt":"2016-08-19T16:48:59","guid":{"rendered":"http:\/\/www.mariajosenicolas.es\/?page_id=12737"},"modified":"2025-02-01T10:08:25","modified_gmt":"2025-02-01T09:08:25","slug":"consultoria-y-formacion","status":"publish","type":"page","link":"https:\/\/mariajosenicolas.es\/?page_id=12737","title":{"rendered":"SERVICIOS DE CONSULTOR\u00cdA"},"content":{"rendered":"<p>Los recursos digitales, los conocimientos sobre comunicaci\u00f3n y una buena estrategia son el camino de las organizaciones hacia el \u00e9xito.<\/p>\n<p>La competencia es fuerte y solo podremos superarla con innovaci\u00f3n y aplicando las nuevas f\u00f3rmulas y tendencias comunicativas.<\/p>\n<p>Ofrecemos los siguientes <strong>servicios<\/strong>:<\/p>\n<ul>\n<li>Elaboraci\u00f3n de plan de comunicaci\u00f3n para conseguir posicionamiento de la empresa u organizaci\u00f3n y alcanzar el impacto que le permita aumentar el volumen de negocio.<\/li>\n<li>Mejora de la imagen de marca y aumento de la visibilidad.<\/li>\n<li>Dise\u00f1o, planificaci\u00f3n y gesti\u00f3n de eventos corporativos que permitan mejorar las relaciones con potenciales clientes y aumentar ventas, como ferias, exposiciones, inauguraciones, congresos o jornadas.<\/li>\n<li>Elaborar e implementar un plan de comunicaci\u00f3n interna para mejorar el clima laboral y motivar a los empleados en la consecuci\u00f3n de los objetivos de la empresa.<\/li>\n<li>Desarrollo de campa\u00f1as de publicidad online y offline.<\/li>\n<li>Elaborar informes sobre las tendencia del mercado y acciones de la competencia.<\/li>\n<li>Posicionamiento de la marca en redes sociales. Generaci\u00f3n de contenido.<\/li>\n<li>Gesti\u00f3n de la relaci\u00f3n con los medios de comunicaci\u00f3n. Gabinete de prensa.<\/li>\n<li>Creaci\u00f3n de contenido audiovisual para acciones de comunicaci\u00f3n.<\/li>\n<li>Relaciones institucionales.<\/li>\n<\/ul>\n<p><strong>Servicio integral de organizaci\u00f3n de ferias<\/strong>:<\/p>\n<ul>\n<li>investigaci\u00f3n de mercado.<\/li>\n<li>creatividad y dise\u00f1o gr\u00e1fico.<\/li>\n<li>p\u00e1gina web y creaci\u00f3n de App de networking.<\/li>\n<li>b\u00fasqueda de sede y log\u00edstica para el evento.<\/li>\n<li>redacci\u00f3n de gu\u00eda del expositor.<\/li>\n<li>comercializaci\u00f3n de la feria: venta de stand.<\/li>\n<li>comunicaci\u00f3n y marketing.<\/li>\n<li>cat\u00e1logos de expositores.<\/li>\n<li>gesti\u00f3n de entradas y accesos.<\/li>\n<li>organizaci\u00f3n de programas de charlas y conferencias.<\/li>\n<li>sala de prensa.<\/li>\n<li>gesti\u00f3n de vuelos, alojamiento, transfer, traductores, gesti\u00f3n de visados.<\/li>\n<li>gesti\u00f3n de azafatas y personal t\u00e9cnico.<\/li>\n<li>seguros.<\/li>\n<li>acompa\u00f1amiento durante la feria.<\/li>\n<li>creatividad y dise\u00f1o de stand seg\u00fan necesidades del cliente, montaje y desmontaje.<\/li>\n<li>asistencia t\u00e9cnica: envio de invitaciones profesionales, registro de los pases, supervisi\u00f3n de actos, gesti\u00f3n de agenda de reuniones.<\/li>\n<\/ul>\n<p>Contacto:<\/p>\n<p>aprezziaconsultoria@gmail.com<\/p>\n<p>&nbsp;<\/p>\n","protected":false},"excerpt":{"rendered":"<p>Los recursos digitales, los conocimientos sobre comunicaci\u00f3n y una buena estrategia son el camino de las organizaciones hacia el \u00e9xito. La competencia es fuerte y solo podremos superarla con innovaci\u00f3n y aplicando las nuevas f\u00f3rmulas y tendencias comunicativas. Ofrecemos los siguientes servicios: Elaboraci\u00f3n de plan de comunicaci\u00f3n para conseguir posicionamiento de la empresa u organizaci\u00f3n [&hellip;]<\/p>\n","protected":false},"author":1,"featured_media":13273,"parent":0,"menu_order":0,"comment_status":"closed","ping_status":"closed","template":"","meta":{"footnotes":""},"class_list":["post-12737","page","type-page","status-publish","has-post-thumbnail","hentry"],"aioseo_notices":[],"_links":{"self":[{"href":"https:\/\/mariajosenicolas.es\/index.php?rest_route=\/wp\/v2\/pages\/12737","targetHints":{"allow":["GET"]}}],"collection":[{"href":"https:\/\/mariajosenicolas.es\/index.php?rest_route=\/wp\/v2\/pages"}],"about":[{"href":"https:\/\/mariajosenicolas.es\/index.php?rest_route=\/wp\/v2\/types\/page"}],"author":[{"embeddable":true,"href":"https:\/\/mariajosenicolas.es\/index.php?rest_route=\/wp\/v2\/users\/1"}],"replies":[{"embeddable":true,"href":"https:\/\/mariajosenicolas.es\/index.php?rest_route=%2Fwp%2Fv2%2Fcomments&post=12737"}],"version-history":[{"count":3,"href":"https:\/\/mariajosenicolas.es\/index.php?rest_route=\/wp\/v2\/pages\/12737\/revisions"}],"predecessor-version":[{"id":13274,"href":"https:\/\/mariajosenicolas.es\/index.php?rest_route=\/wp\/v2\/pages\/12737\/revisions\/13274"}],"wp:featuredmedia":[{"embeddable":true,"href":"https:\/\/mariajosenicolas.es\/index.php?rest_route=\/wp\/v2\/media\/13273"}],"wp:attachment":[{"href":"https:\/\/mariajosenicolas.es\/index.php?rest_route=%2Fwp%2Fv2%2Fmedia&parent=12737"}],"curies":[{"name":"wp","href":"https:\/\/api.w.org\/{rel}","templated":true}]}}